{"id":1138,"date":"2021-02-14T18:55:22","date_gmt":"2021-02-14T17:55:22","guid":{"rendered":"http:\/\/www.univ-mosta.dz\/fle\/?page_id=1138"},"modified":"2021-02-17T22:18:38","modified_gmt":"2021-02-17T21:18:38","slug":"emdfr","status":"publish","type":"page","link":"https:\/\/www.univ-mosta.dz\/fle\/emdfr\/","title":{"rendered":"emdfr"},"content":{"rendered":"<h3><strong><span style=\"color: #0000ff\">Planning des examens<\/span><\/strong><\/h3>\n<p><span style=\"color: #0000ff\"><strong><a href=\"http:\/\/www.univ-mosta.dz\/fle\/wp-content\/uploads\/sites\/2\/2020\/09\/Planning-des-cours-de-revision-du-departement-danglais.pdf\"><img loading=\"lazy\" decoding=\"async\" class=\"\" src=\"https:\/\/www.gifgratis.net\/gifs_animes\/boutons_web\/51.gif\" alt=\"EMOTICON boutons web 51\" width=\"20\" height=\"20\" \/><\/a> D\u00e9partement de langue fran\u00e7aise<\/strong><\/span><\/p>\n<h4><span style=\"color: #00ccff\">Les examens pr\u00e9vus initialement le 21\/02\/2021 sont report\u00e9s et\u00a0 programm\u00e9s \u00e0 partir du 28\/02\/2021.<\/span><\/h4>\n<p style=\"padding-left: 80px\"><span style=\"color: #ff00ff\"><strong><a style=\"color: #ff00ff\" href=\"http:\/\/www.univ-mosta.dz\/fle\/wp-content\/uploads\/sites\/2\/2021\/01\/M1-AFAM-S1-2021.docx\"><img loading=\"lazy\" decoding=\"async\" class=\"alignnone size-full wp-image-455\" src=\"http:\/\/www.univ-mosta.dz\/fle\/wp-content\/uploads\/sites\/2\/2020\/09\/frecciag.gif\" alt=\"\" width=\"25\" height=\"13\" \/> <\/a><a style=\"color: #ff00ff\" href=\"http:\/\/www.univ-mosta.dz\/fle\/wp-content\/uploads\/sites\/2\/2021\/02\/Planning-Licence.docx\">Licence<\/a><\/strong><\/span><\/p>\n<p style=\"padding-left: 80px\"><span style=\"color: #ff00ff\"><strong><a style=\"color: #ff00ff\" href=\"http:\/\/www.univ-mosta.dz\/fle\/wp-content\/uploads\/sites\/2\/2021\/01\/M1-AFAM-S1-2021.docx\"><img loading=\"lazy\" decoding=\"async\" class=\"alignnone size-full wp-image-455\" src=\"http:\/\/www.univ-mosta.dz\/fle\/wp-content\/uploads\/sites\/2\/2020\/09\/frecciag.gif\" alt=\"\" width=\"25\" height=\"13\" \/> <\/a><a style=\"color: #ff00ff\" href=\"http:\/\/www.univ-mosta.dz\/fle\/wp-content\/uploads\/sites\/2\/2021\/02\/Exams-M1.docx\">Master 1<\/a><\/strong><\/span><\/p>\n<p style=\"padding-left: 80px\"><span style=\"color: #ff00ff\"><strong><a style=\"color: #ff00ff\" href=\"http:\/\/www.univ-mosta.dz\/fle\/wp-content\/uploads\/sites\/2\/2021\/01\/M1-AFAM-S1-2021.docx\"><img loading=\"lazy\" decoding=\"async\" class=\"alignnone size-full wp-image-455\" src=\"http:\/\/www.univ-mosta.dz\/fle\/wp-content\/uploads\/sites\/2\/2020\/09\/frecciag.gif\" alt=\"\" width=\"25\" height=\"13\" \/>\u00a0 <\/a><a style=\"color: #ff00ff\" href=\"http:\/\/www.univ-mosta.dz\/fle\/wp-content\/uploads\/sites\/2\/2021\/02\/Examens-Master-2.docx\">Master 2<\/a><\/strong><\/span><\/p>\n<p><span style=\"color: #0000ff\"><strong><a href=\"http:\/\/www.univ-mosta.dz\/fle\/wp-content\/uploads\/sites\/2\/2020\/09\/Planning-des-cours-de-revision-du-departement-danglais.pdf\"><img loading=\"lazy\" decoding=\"async\" class=\"\" src=\"https:\/\/www.gifgratis.net\/gifs_animes\/boutons_web\/51.gif\" alt=\"EMOTICON boutons web 51\" width=\"20\" height=\"20\" \/><\/a> D\u00e9partement de langue espagnol <\/strong><\/span><\/p>\n<p style=\"padding-left: 80px\"><span style=\"color: #ff00ff\"><strong><a style=\"color: #ff00ff\" href=\"http:\/\/www.univ-mosta.dz\/fle\/wp-content\/uploads\/sites\/2\/2021\/01\/M1-AFAM-S1-2021.docx\"><img loading=\"lazy\" decoding=\"async\" class=\"alignnone size-full wp-image-455\" src=\"http:\/\/www.univ-mosta.dz\/fle\/wp-content\/uploads\/sites\/2\/2020\/09\/frecciag.gif\" alt=\"\" width=\"25\" height=\"13\" \/> <\/a><span style=\"color: #ff00ff\"><a style=\"color: #ff00ff\" href=\"http:\/\/www.univ-mosta.dz\/fle\/wp-content\/uploads\/sites\/2\/2021\/02\/EXAMENS-L1-ESPAGNOL.doc\">Licence L1<\/a><\/span><\/strong><\/span><\/p>\n<p style=\"padding-left: 80px\"><span style=\"color: #ff00ff\"><strong><a style=\"color: #ff00ff\" href=\"http:\/\/www.univ-mosta.dz\/fle\/wp-content\/uploads\/sites\/2\/2021\/01\/M1-AFAM-S1-2021.docx\"><img loading=\"lazy\" decoding=\"async\" class=\"alignnone size-full wp-image-455\" src=\"http:\/\/www.univ-mosta.dz\/fle\/wp-content\/uploads\/sites\/2\/2020\/09\/frecciag.gif\" alt=\"\" width=\"25\" height=\"13\" \/> <\/a><a style=\"color: #ff00ff\" href=\"http:\/\/www.univ-mosta.dz\/fle\/wp-content\/uploads\/sites\/2\/2021\/02\/EXAMENS-ESPAGNOL-L3M2M2L2.doc\">Licence L2 + L3 + M1 + M2<\/a><\/strong><\/span><\/p>\n<p><span style=\"color: #0000ff\"><strong><a href=\"http:\/\/www.univ-mosta.dz\/fle\/wp-content\/uploads\/sites\/2\/2020\/09\/Planning-des-cours-de-revision-du-departement-danglais.pdf\"><img loading=\"lazy\" decoding=\"async\" class=\"\" src=\"https:\/\/www.gifgratis.net\/gifs_animes\/boutons_web\/51.gif\" alt=\"EMOTICON boutons web 51\" width=\"20\" height=\"20\" \/><\/a> D\u00e9partement de langue anglaise<\/strong><\/span><\/p>\n<p style=\"padding-left: 80px\"><span style=\"color: #ff00ff\"><strong><a style=\"color: #ff00ff\" href=\"http:\/\/www.univ-mosta.dz\/fle\/wp-content\/uploads\/sites\/2\/2021\/01\/M1-AFAM-S1-2021.docx\"><img loading=\"lazy\" decoding=\"async\" class=\"alignnone size-full wp-image-455\" src=\"http:\/\/www.univ-mosta.dz\/fle\/wp-content\/uploads\/sites\/2\/2020\/09\/frecciag.gif\" alt=\"\" width=\"25\" height=\"13\" \/> <\/a>Licence<\/strong><\/span><\/p>\n<p style=\"padding-left: 120px\"><a href=\"http:\/\/www.univ-mosta.dz\/fle\/wp-content\/uploads\/sites\/2\/2021\/02\/L1-exams-S1-2021.docx\">L1 exams S1 2021<\/a><\/p>\n<p style=\"padding-left: 120px\"><a href=\"http:\/\/www.univ-mosta.dz\/fle\/wp-content\/uploads\/sites\/2\/2021\/02\/L2-exams-S1-2021.docx\">L2 exams S1 2021<\/a><\/p>\n<p style=\"padding-left: 120px\"><a href=\"http:\/\/www.univ-mosta.dz\/fle\/wp-content\/uploads\/sites\/2\/2021\/02\/L3-planning-exams-2021.docx\">L3 planning exams 2021<\/a><\/p>\n<p style=\"padding-left: 80px\"><span style=\"color: #ff00ff\"><strong><a style=\"color: #ff00ff\" href=\"http:\/\/www.univ-mosta.dz\/fle\/wp-content\/uploads\/sites\/2\/2021\/01\/M1-AFAM-S1-2021.docx\"><img loading=\"lazy\" decoding=\"async\" class=\"alignnone size-full wp-image-455\" src=\"http:\/\/www.univ-mosta.dz\/fle\/wp-content\/uploads\/sites\/2\/2020\/09\/frecciag.gif\" alt=\"\" width=\"25\" height=\"13\" \/> <\/a>Master 1<\/strong><\/span><\/p>\n<p style=\"padding-left: 120px\"><a href=\"http:\/\/www.univ-mosta.dz\/fle\/wp-content\/uploads\/sites\/2\/2021\/02\/Plan-of-M1-Did-App-exams-2021.docx\">Did &amp; App exams 2021<\/a><\/p>\n<p style=\"padding-left: 120px\"><a href=\"http:\/\/www.univ-mosta.dz\/fle\/wp-content\/uploads\/sites\/2\/2021\/02\/Plan-of-M1-Did-of-FL-exams-2021.docx\">Did of FL exams 2021<\/a><\/p>\n<p style=\"padding-left: 120px\"><a href=\"http:\/\/www.univ-mosta.dz\/fle\/wp-content\/uploads\/sites\/2\/2021\/02\/Plan-of-M1-Lge-Com-exams-2021.docx\">Lge &amp; Com exams 2021<\/a><\/p>\n<p style=\"padding-left: 120px\"><a href=\"http:\/\/www.univ-mosta.dz\/fle\/wp-content\/uploads\/sites\/2\/2021\/02\/Plan-of-M1-Ling-exams-2021.docx\">Ling exams 2021<\/a><\/p>\n<p style=\"padding-left: 120px\"><a href=\"http:\/\/www.univ-mosta.dz\/fle\/wp-content\/uploads\/sites\/2\/2021\/02\/Plan-of-M1-Lit-Civ-exams-2021.docx\">Lit &amp; Civ exams 2021<\/a><\/p>\n<p style=\"padding-left: 120px\"><a href=\"http:\/\/www.univ-mosta.dz\/fle\/wp-content\/uploads\/sites\/2\/2021\/02\/Plan-of-M1-Lit-Inter-disc-exams-2021.docx\">Lit &amp; Inter disc exams 2021<\/a><\/p>\n<p style=\"padding-left: 120px\"><a href=\"http:\/\/www.univ-mosta.dz\/fle\/wp-content\/uploads\/sites\/2\/2021\/02\/Plan-of-M1-Science-du-Lge-exams-2021.docx\">Science du Lge exams 2021<\/a><\/p>\n<p style=\"padding-left: 80px\"><span style=\"color: #ff00ff\"><strong><a style=\"color: #ff00ff\" href=\"http:\/\/www.univ-mosta.dz\/fle\/wp-content\/uploads\/sites\/2\/2021\/01\/M1-AFAM-S1-2021.docx\"><img loading=\"lazy\" decoding=\"async\" class=\"alignnone size-full wp-image-455\" src=\"http:\/\/www.univ-mosta.dz\/fle\/wp-content\/uploads\/sites\/2\/2020\/09\/frecciag.gif\" alt=\"\" width=\"25\" height=\"13\" \/>\u00a0 <\/a>Master 2<\/strong><\/span><\/p>\n<p style=\"padding-left: 120px\"><a href=\"http:\/\/www.univ-mosta.dz\/fle\/wp-content\/uploads\/sites\/2\/2021\/02\/Planning-of-M2-Did-app-exams-2021.docx\">Did &amp; app exams 2021<\/a><\/p>\n<p style=\"padding-left: 120px\"><a href=\"http:\/\/www.univ-mosta.dz\/fle\/wp-content\/uploads\/sites\/2\/2021\/02\/Planning-of-M2-Did-of-FL-exams-2021.docx\">Did of FL exams 2021<\/a><\/p>\n<p style=\"padding-left: 120px\"><a href=\"http:\/\/www.univ-mosta.dz\/fle\/wp-content\/uploads\/sites\/2\/2021\/02\/Planning-of-M2-Ling-exams-2021-Copie.docx\">Ling exams 2021 &#8211; Copie<\/a><\/p>\n<p style=\"padding-left: 120px\"><a href=\"http:\/\/www.univ-mosta.dz\/fle\/wp-content\/uploads\/sites\/2\/2021\/02\/Planning-of-M2-Lit-Civ-exams-2021.docx\">Lit &amp; Civ exams 2021<\/a><\/p>\n<p style=\"padding-left: 120px\"><a href=\"http:\/\/www.univ-mosta.dz\/fle\/wp-content\/uploads\/sites\/2\/2021\/02\/Planning-of-M2-Lit-Inter-disc-exams-2021.docx\">Lit &amp; Inter disc exams 2021<\/a><\/p>\n<p style=\"padding-left: 120px\"><a href=\"http:\/\/www.univ-mosta.dz\/fle\/wp-content\/uploads\/sites\/2\/2021\/02\/Planning-of-M2-Science-du-Lge-2021-exam.docx\">Science du Lge 2021 exam<\/a><\/p>\n<h4 style=\"padding-left: 40px\"><span style=\"color: #00ccff\">Le planning sera affich\u00e9 aussi sur la nouvelle page facebook de la facult\u00e9 &lsquo; <a style=\"color: #00ccff\" href=\"https:\/\/www.facebook.com\/univ.fle.mosta\" target=\"_blank\" rel=\"noopener\" data-saferedirecturl=\"https:\/\/www.google.com\/url?q=https:\/\/www.facebook.com\/univ.fle.mosta&amp;source=gmail&amp;ust=1613657680497000&amp;usg=AFQjCNHfrlj7pB-FdLmx3Y_6kWnshh6KpA\"><span style=\"color: #cc99ff\"><em>https:\/\/www.facebook.com\/univ.fle.mosta<\/em><\/span><\/a>&lsquo; et au niveau des d\u00e9partements.<\/span><\/h4>\n","protected":false},"excerpt":{"rendered":"<p>Planning des examens D\u00e9partement de langue fran\u00e7aise Les examens pr\u00e9vus initialement le 21\/02\/2021 sont report\u00e9s et\u00a0 programm\u00e9s \u00e0 partir du 28\/02\/2021. Licence Master 1 \u00a0 Master 2 D\u00e9partement de langue &hellip;<\/p>\n","protected":false},"author":18,"featured_media":0,"parent":0,"menu_order":0,"comment_status":"closed","ping_status":"closed","template":"","meta":{"_coblocks_attr":"","_coblocks_dimensions":"","_coblocks_responsive_height":"","_coblocks_accordion_ie_support":"","footnotes":""},"class_list":["post-1138","page","type-page","status-publish","hentry"],"_links":{"self":[{"href":"https:\/\/www.univ-mosta.dz\/fle\/wp-json\/wp\/v2\/pages\/1138","targetHints":{"allow":["GET"]}}],"collection":[{"href":"https:\/\/www.univ-mosta.dz\/fle\/wp-json\/wp\/v2\/pages"}],"about":[{"href":"https:\/\/www.univ-mosta.dz\/fle\/wp-json\/wp\/v2\/types\/page"}],"author":[{"embeddable":true,"href":"https:\/\/www.univ-mosta.dz\/fle\/wp-json\/wp\/v2\/users\/18"}],"replies":[{"embeddable":true,"href":"https:\/\/www.univ-mosta.dz\/fle\/wp-json\/wp\/v2\/comments?post=1138"}],"version-history":[{"count":11,"href":"https:\/\/www.univ-mosta.dz\/fle\/wp-json\/wp\/v2\/pages\/1138\/revisions"}],"predecessor-version":[{"id":1178,"href":"https:\/\/www.univ-mosta.dz\/fle\/wp-json\/wp\/v2\/pages\/1138\/revisions\/1178"}],"wp:attachment":[{"href":"https:\/\/www.univ-mosta.dz\/fle\/wp-json\/wp\/v2\/media?parent=1138"}],"curies":[{"name":"wp","href":"https:\/\/api.w.org\/{rel}","templated":true}]}}