{"id":1068,"date":"2021-01-24T21:33:12","date_gmt":"2021-01-24T20:33:12","guid":{"rendered":"http:\/\/www.univ-mosta.dz\/fle\/?page_id=1068"},"modified":"2021-01-24T21:38:08","modified_gmt":"2021-01-24T20:38:08","slug":"arrete","status":"publish","type":"page","link":"https:\/\/www.univ-mosta.dz\/fle\/arrete\/","title":{"rendered":"arr\u00eat\u00e9"},"content":{"rendered":"<p><span style=\"color: #0000ff;font-size: 14pt\">Arr\u00eat\u00e9 minist\u00e9riel\u00a0n\u00b055 du 21 janvier 2021 fixant les dispositions exceptionnelles autoris\u00e9es en mati\u00e8re de gestion et d&rsquo;organisation p\u00e9dagogiques, de l&rsquo;\u00e9valuation et de la progression des \u00e9tudiants durant la p\u00e9riode Covid-19 au titre de l&rsquo;ann\u00e9e universitaire 2020-2021.<\/span><\/p>\n<p><a href=\"http:\/\/www.univ-mosta.dz\/fle\/wp-content\/uploads\/sites\/2\/2021\/01\/Arrete-n\u00b0055-du-21-janvier-2021.pdf\"><img loading=\"lazy\" decoding=\"async\" class=\"size-publisher-sm wp-image-1074 aligncenter\" src=\"http:\/\/www.univ-mosta.dz\/fle\/wp-content\/uploads\/sites\/2\/2021\/01\/telecharger-175x136.gif\" alt=\"\" width=\"175\" height=\"136\" \/><\/a><\/p>\n","protected":false},"excerpt":{"rendered":"<p>Arr\u00eat\u00e9 minist\u00e9riel\u00a0n\u00b055 du 21 janvier 2021 fixant les dispositions exceptionnelles autoris\u00e9es en mati\u00e8re de gestion et d&rsquo;organisation p\u00e9dagogiques, de l&rsquo;\u00e9valuation et de la progression des \u00e9tudiants durant la p\u00e9riode Covid-19 &hellip;<\/p>\n","protected":false},"author":18,"featured_media":0,"parent":0,"menu_order":0,"comment_status":"closed","ping_status":"closed","template":"","meta":{"_coblocks_attr":"","_coblocks_dimensions":"","_coblocks_responsive_height":"","_coblocks_accordion_ie_support":"","footnotes":""},"class_list":["post-1068","page","type-page","status-publish","hentry"],"_links":{"self":[{"href":"https:\/\/www.univ-mosta.dz\/fle\/wp-json\/wp\/v2\/pages\/1068","targetHints":{"allow":["GET"]}}],"collection":[{"href":"https:\/\/www.univ-mosta.dz\/fle\/wp-json\/wp\/v2\/pages"}],"about":[{"href":"https:\/\/www.univ-mosta.dz\/fle\/wp-json\/wp\/v2\/types\/page"}],"author":[{"embeddable":true,"href":"https:\/\/www.univ-mosta.dz\/fle\/wp-json\/wp\/v2\/users\/18"}],"replies":[{"embeddable":true,"href":"https:\/\/www.univ-mosta.dz\/fle\/wp-json\/wp\/v2\/comments?post=1068"}],"version-history":[{"count":2,"href":"https:\/\/www.univ-mosta.dz\/fle\/wp-json\/wp\/v2\/pages\/1068\/revisions"}],"predecessor-version":[{"id":1075,"href":"https:\/\/www.univ-mosta.dz\/fle\/wp-json\/wp\/v2\/pages\/1068\/revisions\/1075"}],"wp:attachment":[{"href":"https:\/\/www.univ-mosta.dz\/fle\/wp-json\/wp\/v2\/media?parent=1068"}],"curies":[{"name":"wp","href":"https:\/\/api.w.org\/{rel}","templated":true}]}}