{"id":91,"date":"2019-10-24T15:44:48","date_gmt":"2019-10-24T13:44:48","guid":{"rendered":"http:\/\/www.univ-mosta.dz\/ciav\/?page_id=91"},"modified":"2020-02-26T15:03:37","modified_gmt":"2020-02-26T14:03:37","slug":"infographie","status":"publish","type":"page","link":"https:\/\/www.univ-mosta.dz\/ciav\/infographie\/","title":{"rendered":"Infographie"},"content":{"rendered":"<p>Conform\u00e9ment \u00e0 la charte graphique de l\u2019universit\u00e9, l&rsquo;infographiste du service d&rsquo;impression est charg\u00e9 de la conception de tout document r\u00e9alis\u00e9 par le CIAV ainsi que du site web de ce dernier.<\/p>\n<p>Toute photo prise par le service audiovisuel est \u00e9galement soumise syst\u00e9matiquement \u00e0 un traitement avant sa mise en ligne.<\/p>\n<hr \/>\n<h2><strong>Affiches<\/strong><\/h2>\n<hr \/>\n<p><img loading=\"lazy\" decoding=\"async\" class=\"alignnone  wp-image-278\" src=\"http:\/\/www.univ-mosta.dz\/ciav\/wp-content\/uploads\/sites\/17\/2020\/02\/sda-1.jpg\" alt=\"\" width=\"154\" height=\"220\" srcset=\"https:\/\/www.univ-mosta.dz\/ciav\/wp-content\/uploads\/sites\/17\/2020\/02\/sda-1.jpg 158w, https:\/\/www.univ-mosta.dz\/ciav\/wp-content\/uploads\/sites\/17\/2020\/02\/sda-1-143x204.jpg 143w\" sizes=\"auto, (max-width: 154px) 100vw, 154px\" \/>\u00a0 \u00a0 \u00a0<img loading=\"lazy\" decoding=\"async\" class=\"alignnone wp-image-264\" src=\"http:\/\/www.univ-mosta.dz\/ciav\/wp-content\/uploads\/sites\/17\/2020\/02\/Sans-titre-212x300.jpg\" alt=\"\" width=\"156\" height=\"221\" srcset=\"https:\/\/www.univ-mosta.dz\/ciav\/wp-content\/uploads\/sites\/17\/2020\/02\/Sans-titre-212x300.jpg 212w, https:\/\/www.univ-mosta.dz\/ciav\/wp-content\/uploads\/sites\/17\/2020\/02\/Sans-titre-272x385.jpg 272w, https:\/\/www.univ-mosta.dz\/ciav\/wp-content\/uploads\/sites\/17\/2020\/02\/Sans-titre-144x204.jpg 144w, https:\/\/www.univ-mosta.dz\/ciav\/wp-content\/uploads\/sites\/17\/2020\/02\/Sans-titre.jpg 547w\" sizes=\"auto, (max-width: 156px) 100vw, 156px\" \/><\/p>\n<p><img loading=\"lazy\" decoding=\"async\" class=\"alignnone size-full wp-image-253\" src=\"http:\/\/www.univ-mosta.dz\/ciav\/wp-content\/uploads\/sites\/17\/2019\/12\/CI5.png\" alt=\"\" width=\"156\" height=\"224\" srcset=\"https:\/\/www.univ-mosta.dz\/ciav\/wp-content\/uploads\/sites\/17\/2019\/12\/CI5.png 156w, https:\/\/www.univ-mosta.dz\/ciav\/wp-content\/uploads\/sites\/17\/2019\/12\/CI5-142x204.png 142w\" sizes=\"auto, (max-width: 156px) 100vw, 156px\" \/>\u00a0 \u00a0\u00a0\u00a0<img loading=\"lazy\" decoding=\"async\" class=\"alignnone size-full wp-image-252\" src=\"http:\/\/www.univ-mosta.dz\/ciav\/wp-content\/uploads\/sites\/17\/2019\/12\/AFFICHE_A3.png\" alt=\"\" width=\"156\" height=\"224\" srcset=\"https:\/\/www.univ-mosta.dz\/ciav\/wp-content\/uploads\/sites\/17\/2019\/12\/AFFICHE_A3.png 156w, https:\/\/www.univ-mosta.dz\/ciav\/wp-content\/uploads\/sites\/17\/2019\/12\/AFFICHE_A3-142x204.png 142w\" sizes=\"auto, (max-width: 156px) 100vw, 156px\" \/>\u00a0 \u00a0\u00a0\u00a0<img loading=\"lazy\" decoding=\"async\" class=\"alignnone size-full wp-image-248\" src=\"http:\/\/www.univ-mosta.dz\/ciav\/wp-content\/uploads\/sites\/17\/2019\/11\/\u062d.png\" alt=\"\" width=\"156\" height=\"224\" srcset=\"https:\/\/www.univ-mosta.dz\/ciav\/wp-content\/uploads\/sites\/17\/2019\/11\/\u062d.png 156w, https:\/\/www.univ-mosta.dz\/ciav\/wp-content\/uploads\/sites\/17\/2019\/11\/\u062d-142x204.png 142w\" sizes=\"auto, (max-width: 156px) 100vw, 156px\" \/>\u00a0 \u00a0\u00a0<img loading=\"lazy\" decoding=\"async\" class=\"alignnone size-full wp-image-244\" src=\"http:\/\/www.univ-mosta.dz\/ciav\/wp-content\/uploads\/sites\/17\/2019\/11\/kafila.png\" alt=\"\" width=\"156\" height=\"224\" srcset=\"https:\/\/www.univ-mosta.dz\/ciav\/wp-content\/uploads\/sites\/17\/2019\/11\/kafila.png 156w, https:\/\/www.univ-mosta.dz\/ciav\/wp-content\/uploads\/sites\/17\/2019\/11\/kafila-142x204.png 142w\" sizes=\"auto, (max-width: 156px) 100vw, 156px\" \/><\/p>\n<p><img loading=\"lazy\" decoding=\"async\" class=\"alignnone size-full wp-image-245\" src=\"http:\/\/www.univ-mosta.dz\/ciav\/wp-content\/uploads\/sites\/17\/2019\/11\/sdacs.png\" alt=\"\" width=\"156\" height=\"224\" srcset=\"https:\/\/www.univ-mosta.dz\/ciav\/wp-content\/uploads\/sites\/17\/2019\/11\/sdacs.png 156w, https:\/\/www.univ-mosta.dz\/ciav\/wp-content\/uploads\/sites\/17\/2019\/11\/sdacs-142x204.png 142w\" sizes=\"auto, (max-width: 156px) 100vw, 156px\" \/>\u00a0 \u00a0\u00a0\u00a0<img loading=\"lazy\" decoding=\"async\" class=\"alignnone size-full wp-image-246\" src=\"http:\/\/www.univ-mosta.dz\/ciav\/wp-content\/uploads\/sites\/17\/2019\/11\/tv.png\" alt=\"\" width=\"156\" height=\"224\" srcset=\"https:\/\/www.univ-mosta.dz\/ciav\/wp-content\/uploads\/sites\/17\/2019\/11\/tv.png 156w, https:\/\/www.univ-mosta.dz\/ciav\/wp-content\/uploads\/sites\/17\/2019\/11\/tv-142x204.png 142w\" sizes=\"auto, (max-width: 156px) 100vw, 156px\" \/><\/p>\n<p>&nbsp;<\/p>\n<hr \/>\n<p><img loading=\"lazy\" decoding=\"async\" class=\"alignnone size-full wp-image-97\" src=\"http:\/\/www.univ-mosta.dz\/ciav\/wp-content\/uploads\/sites\/17\/2019\/10\/cerventes.jpg\" alt=\"\" width=\"158\" height=\"226\" \/>\u00a0 \u00a0\u00a0<img loading=\"lazy\" decoding=\"async\" class=\"alignnone size-full wp-image-95\" src=\"http:\/\/www.univ-mosta.dz\/ciav\/wp-content\/uploads\/sites\/17\/2019\/10\/b1.jpg\" alt=\"\" width=\"158\" height=\"226\" \/>\u00a0 \u00a0\u00a0\u00a0<img loading=\"lazy\" decoding=\"async\" class=\"alignnone size-full wp-image-94\" src=\"http:\/\/www.univ-mosta.dz\/ciav\/wp-content\/uploads\/sites\/17\/2019\/10\/A3_Mai2008.jpg\" alt=\"\" width=\"158\" height=\"226\" \/>\u00a0 \u00a0\u00a0<img loading=\"lazy\" decoding=\"async\" class=\"alignnone size-full wp-image-93\" src=\"http:\/\/www.univ-mosta.dz\/ciav\/wp-content\/uploads\/sites\/17\/2019\/10\/2SL.jpg\" alt=\"\" width=\"158\" height=\"226\" \/><\/p>\n<p><img loading=\"lazy\" decoding=\"async\" class=\"alignnone size-full wp-image-102\" style=\"font-size: 1rem\" src=\"http:\/\/www.univ-mosta.dz\/ciav\/wp-content\/uploads\/sites\/17\/2019\/10\/OUADAH.jpg\" alt=\"\" width=\"158\" height=\"226\" \/><\/p>\n","protected":false},"excerpt":{"rendered":"<p>Conform\u00e9ment \u00e0 la charte graphique de l\u2019universit\u00e9, l&rsquo;infographiste du service d&rsquo;impression est charg\u00e9 de la conception de tout document r\u00e9alis\u00e9 par le CIAV ainsi que du site web de ce &hellip;<\/p>\n","protected":false},"author":17,"featured_media":0,"parent":0,"menu_order":0,"comment_status":"closed","ping_status":"closed","template":"","meta":{"_coblocks_attr":"","_coblocks_dimensions":"","_coblocks_responsive_height":"","_coblocks_accordion_ie_support":"","footnotes":""},"class_list":["post-91","page","type-page","status-publish","has-post-thumbnail","hentry"],"_links":{"self":[{"href":"https:\/\/www.univ-mosta.dz\/ciav\/wp-json\/wp\/v2\/pages\/91","targetHints":{"allow":["GET"]}}],"collection":[{"href":"https:\/\/www.univ-mosta.dz\/ciav\/wp-json\/wp\/v2\/pages"}],"about":[{"href":"https:\/\/www.univ-mosta.dz\/ciav\/wp-json\/wp\/v2\/types\/page"}],"author":[{"embeddable":true,"href":"https:\/\/www.univ-mosta.dz\/ciav\/wp-json\/wp\/v2\/users\/17"}],"replies":[{"embeddable":true,"href":"https:\/\/www.univ-mosta.dz\/ciav\/wp-json\/wp\/v2\/comments?post=91"}],"version-history":[{"count":23,"href":"https:\/\/www.univ-mosta.dz\/ciav\/wp-json\/wp\/v2\/pages\/91\/revisions"}],"predecessor-version":[{"id":279,"href":"https:\/\/www.univ-mosta.dz\/ciav\/wp-json\/wp\/v2\/pages\/91\/revisions\/279"}],"wp:attachment":[{"href":"https:\/\/www.univ-mosta.dz\/ciav\/wp-json\/wp\/v2\/media?parent=91"}],"curies":[{"name":"wp","href":"https:\/\/api.w.org\/{rel}","templated":true}]}}