{"id":44,"date":"2019-10-20T16:44:38","date_gmt":"2019-10-20T14:44:38","guid":{"rendered":"http:\/\/www.univ-mosta.dz\/ciav\/?page_id=44"},"modified":"2019-10-29T14:46:19","modified_gmt":"2019-10-29T13:46:19","slug":"service-audio-visuel","status":"publish","type":"page","link":"https:\/\/www.univ-mosta.dz\/ciav\/service-audio-visuel\/","title":{"rendered":"Service AudioVisuel"},"content":{"rendered":"<p>Le service Audiovisuel constitue la premi\u00e8re section du CIAV. Il a pour r\u00f4le d\u2019assurer un enregistrement audiovisuel des manifestations scientifiques et culturelles de l\u2019Universit\u00e9 et d\u2019en produire une archive en vue de la rendre accessible \u00e0 tous via la <span style=\"color: #000080\"><strong><em><a style=\"color: #000080\" href=\"http:\/\/webtv.univ-mosta.dz\">WebTV<\/a><\/em><\/strong><\/span> de l\u2019universit\u00e9.<\/p>\n<p>Le service audiovisuel assure \u00e9galement des prestations de services de tournage et de montage vid\u00e9o aussi bien pour les diff\u00e9rents services de l\u2019universit\u00e9 que pour tout organisme \u00e9tranger conform\u00e9ment \u00e0 une facture pro forma pr\u00e9alablement convenue entre les deux parties.<\/p>\n<p>Enfin, la phototh\u00e8que du site web de l\u2019Universit\u00e9 est r\u00e9guli\u00e8rement mise \u00e0 jour et enrichie gr\u00e2ce aux prises de vues assur\u00e9es par le service audiovisuel lors des diff\u00e9rentes manifestations de l\u2019Universit\u00e9.<\/p>\n","protected":false},"excerpt":{"rendered":"<p>Le service Audiovisuel constitue la premi\u00e8re section du CIAV. Il a pour r\u00f4le d\u2019assurer un enregistrement audiovisuel des manifestations scientifiques et culturelles de l\u2019Universit\u00e9 et d\u2019en produire une archive en &hellip;<\/p>\n","protected":false},"author":17,"featured_media":0,"parent":0,"menu_order":0,"comment_status":"closed","ping_status":"closed","template":"","meta":{"_coblocks_attr":"","_coblocks_dimensions":"","_coblocks_responsive_height":"","_coblocks_accordion_ie_support":"","footnotes":""},"class_list":["post-44","page","type-page","status-publish","has-post-thumbnail","hentry"],"_links":{"self":[{"href":"https:\/\/www.univ-mosta.dz\/ciav\/wp-json\/wp\/v2\/pages\/44","targetHints":{"allow":["GET"]}}],"collection":[{"href":"https:\/\/www.univ-mosta.dz\/ciav\/wp-json\/wp\/v2\/pages"}],"about":[{"href":"https:\/\/www.univ-mosta.dz\/ciav\/wp-json\/wp\/v2\/types\/page"}],"author":[{"embeddable":true,"href":"https:\/\/www.univ-mosta.dz\/ciav\/wp-json\/wp\/v2\/users\/17"}],"replies":[{"embeddable":true,"href":"https:\/\/www.univ-mosta.dz\/ciav\/wp-json\/wp\/v2\/comments?post=44"}],"version-history":[{"count":10,"href":"https:\/\/www.univ-mosta.dz\/ciav\/wp-json\/wp\/v2\/pages\/44\/revisions"}],"predecessor-version":[{"id":174,"href":"https:\/\/www.univ-mosta.dz\/ciav\/wp-json\/wp\/v2\/pages\/44\/revisions\/174"}],"wp:attachment":[{"href":"https:\/\/www.univ-mosta.dz\/ciav\/wp-json\/wp\/v2\/media?parent=44"}],"curies":[{"name":"wp","href":"https:\/\/api.w.org\/{rel}","templated":true}]}}