{"id":120,"date":"2019-10-24T16:02:37","date_gmt":"2019-10-24T14:02:37","guid":{"rendered":"http:\/\/www.univ-mosta.dz\/ciav\/?page_id=120"},"modified":"2019-10-29T14:54:36","modified_gmt":"2019-10-29T13:54:36","slug":"archives","status":"publish","type":"page","link":"https:\/\/www.univ-mosta.dz\/ciav\/archives\/","title":{"rendered":"Archives"},"content":{"rendered":"<p><img loading=\"lazy\" decoding=\"async\" class=\"wp-image-124 alignnone\" src=\"http:\/\/www.univ-mosta.dz\/ciav\/wp-content\/uploads\/sites\/17\/2019\/10\/turn-vhs-to-dvd-1-300x97.jpeg\" alt=\"\" width=\"383\" height=\"124\" srcset=\"https:\/\/www.univ-mosta.dz\/ciav\/wp-content\/uploads\/sites\/17\/2019\/10\/turn-vhs-to-dvd-1-300x97.jpeg 300w, https:\/\/www.univ-mosta.dz\/ciav\/wp-content\/uploads\/sites\/17\/2019\/10\/turn-vhs-to-dvd-1-768x249.jpeg 768w, https:\/\/www.univ-mosta.dz\/ciav\/wp-content\/uploads\/sites\/17\/2019\/10\/turn-vhs-to-dvd-1.jpeg 770w\" sizes=\"auto, (max-width: 383px) 100vw, 383px\" \/><\/p>\n<hr \/>\n<p>Une quantit\u00e9 importante d&rsquo;archives vid\u00e9os relatives aux diff\u00e9rentes manifestations de l\u2019Universit\u00e9 depuis octobre 2008 \u00e0 ce jour a \u00e9t\u00e9 r\u00e9alis\u00e9es et il sera proc\u00e9d\u00e9 progressivement \u00e0 sa mise en ligne au niveau de la <a href=\"http:\/\/webtv.univ-mosta.dz\">WEBTV<\/a> de l&rsquo;Universit\u00e9.<\/p>\n","protected":false},"excerpt":{"rendered":"<p>Une quantit\u00e9 importante d&rsquo;archives vid\u00e9os relatives aux diff\u00e9rentes manifestations de l\u2019Universit\u00e9 depuis octobre 2008 \u00e0 ce jour a \u00e9t\u00e9 r\u00e9alis\u00e9es et il sera proc\u00e9d\u00e9 progressivement \u00e0 sa mise en ligne &hellip;<\/p>\n","protected":false},"author":17,"featured_media":0,"parent":0,"menu_order":0,"comment_status":"closed","ping_status":"closed","template":"","meta":{"_coblocks_attr":"","_coblocks_dimensions":"","_coblocks_responsive_height":"","_coblocks_accordion_ie_support":"","footnotes":""},"class_list":["post-120","page","type-page","status-publish","has-post-thumbnail","hentry"],"_links":{"self":[{"href":"https:\/\/www.univ-mosta.dz\/ciav\/wp-json\/wp\/v2\/pages\/120","targetHints":{"allow":["GET"]}}],"collection":[{"href":"https:\/\/www.univ-mosta.dz\/ciav\/wp-json\/wp\/v2\/pages"}],"about":[{"href":"https:\/\/www.univ-mosta.dz\/ciav\/wp-json\/wp\/v2\/types\/page"}],"author":[{"embeddable":true,"href":"https:\/\/www.univ-mosta.dz\/ciav\/wp-json\/wp\/v2\/users\/17"}],"replies":[{"embeddable":true,"href":"https:\/\/www.univ-mosta.dz\/ciav\/wp-json\/wp\/v2\/comments?post=120"}],"version-history":[{"count":8,"href":"https:\/\/www.univ-mosta.dz\/ciav\/wp-json\/wp\/v2\/pages\/120\/revisions"}],"predecessor-version":[{"id":366,"href":"https:\/\/www.univ-mosta.dz\/ciav\/wp-json\/wp\/v2\/pages\/120\/revisions\/366"}],"wp:attachment":[{"href":"https:\/\/www.univ-mosta.dz\/ciav\/wp-json\/wp\/v2\/media?parent=120"}],"curies":[{"name":"wp","href":"https:\/\/api.w.org\/{rel}","templated":true}]}}